{"id":15678,"date":"2024-08-05T02:16:05","date_gmt":"2024-08-05T00:16:05","guid":{"rendered":"https:\/\/odontocondell.cl\/radiologia\/?page_id=15678"},"modified":"2025-02-04T18:44:55","modified_gmt":"2025-02-04T17:44:55","slug":"nosotros","status":"publish","type":"page","link":"https:\/\/odontocondell.cl\/radiologia\/nosotros\/","title":{"rendered":"Nosotros"},"content":{"rendered":"\t\t<div data-elementor-type=\"wp-page\" data-elementor-id=\"15678\" class=\"elementor elementor-15678\">\n\t\t\t\t<div class=\"elementor-element elementor-element-7ba939c e-con-full wd-section-stretch-content e-flex e-con e-parent\" data-id=\"7ba939c\" data-element_type=\"container\">\n\t\t\t\t<div class=\"elementor-element elementor-element-f357721 elementor-widget elementor-widget-slider_revolution\" data-id=\"f357721\" data-element_type=\"widget\" data-widget_type=\"slider_revolution.default\">\n\t\t\t\t<div class=\"elementor-widget-container\">\n\t\t\t\t\t\n\t\t<div class=\"wp-block-themepunch-revslider\">\n\t\t\t\t<p class=\"rs-p-wp-fix\"><\/p>\n\t\t\t\t<sr7-module data-alias=\"nosotros-01\" data-id=\"2\" id=\"SR7_2_1\" class=\"rs-ov-hidden\" data-version=\"6.7.15\">\n\t\t\t\t\t<sr7-adjuster><\/sr7-adjuster>\n\t\t\t\t\t<sr7-content>\n\t\t\t\t\t\t<sr7-slide id=\"SR7_2_1-3\" data-key=\"3\">\n\t\t\t\t\t\t\t<sr7-bg id=\"SR7_2_1-3-4\" class=\"sr7-layer\"><noscript><img decoding=\"async\" src=\"https:\/\/odontocondell.cl\/radiologia\/wp-content\/uploads\/sites\/3\/2024\/09\/web_ClinicaCondell-17.png\" alt=\"\" title=\"web_ClinicaCondell-17\"><\/noscript><\/sr7-bg>\n\t\t\t\t\t\t\t<sr7-txt id=\"SR7_2_1-3-2\" class=\"sr7-layer\">Conoce nuestro<\/sr7-txt>\n\t\t\t\t\t\t\t<sr7-txt id=\"SR7_2_1-3-3\" class=\"sr7-layer\">Equipo humano<\/sr7-txt>\n\t\t\t\t\t\t<\/sr7-slide>\n\t\t\t\t\t\t<sr7-slide id=\"SR7_2_1-4\" data-key=\"4\">\n\t\t\t\t\t\t<\/sr7-slide>\n\t\t\t\t\t<\/sr7-content>\n\t\t\t\t\t<image_lists style=\"display:none\">\n\t\t\t\t\t\t<img data-src=\"\/\/odontocondell.cl\/radiologia\/wp-content\/uploads\/sites\/3\/2024\/09\/web_ClinicaCondell-17.png\" data-libid=\"15722\" data-lib=\"medialibrary\" title=\"web_ClinicaCondell-17\" width=\"0\" height=\"0\" data-dbsrc=\"Ly9vZG9udG9jb25kZWxsLmNsL3JhZGlvbG9naWEvd3AtY29udGVudC91cGxvYWRzL3NpdGVzLzMvMjAyNC8wOS93ZWJfQ2xpbmljYUNvbmRlbGwtMTcucG5n\"\/>\n\t\t\t\t\t<\/image_lists>\n\t\t\t\t<\/sr7-module>\n\t\t\t\t<script>\n\t\t\t\t\tSR7.PMH ??={}; SR7.PMH[\"SR7_2_1\"] = {cn:0,state:false,fn: function() { if (_tpt!==undefined && _tpt.prepareModuleHeight !== undefined) {  _tpt.prepareModuleHeight({id:\"SR7_2_1\",el:[450,450,368,360,330],type:'standard',shdw:'0',gh:[450,450,368,360,330],gw:[1240,1240,1024,778,480],vpt:['100px&#039;,&#039;100px&#039;,&#039;100px&#039;,&#039;100px&#039;,&#039;100px'],size:{fullWidth:true, fullHeight:false},mh:'0',onh:0,onw:0,bg:{color:'{\"orig\":\"transparent\",\"type\":\"solid\",\"string\":\"transparent\"}'}});   SR7.PMH[\"SR7_2_1\"].state=true;} else if((SR7.PMH[\"SR7_2_1\"].cn++)<100)\tsetTimeout( SR7.PMH[\"SR7_2_1\"].fn,19);}};SR7.PMH[\"SR7_2_1\" ].fn();\n\t\t\t\t<\/script>\n<\/div>\n\n\t\t\t\t\t\t<\/div>\n\t\t\t\t<\/div>\n\t\t\t\t<\/div>\n\t\t<div class=\"wd-negative-gap elementor-element elementor-element-c4224ba e-flex e-con-boxed e-con e-parent\" data-id=\"c4224ba\" data-element_type=\"container\">\n\t\t\t\t\t<div class=\"e-con-inner\">\n\t\t<div class=\"elementor-element elementor-element-af66283 e-con-full e-flex e-con e-child\" data-id=\"af66283\" data-element_type=\"container\">\n\t\t\t\t<div class=\"elementor-element elementor-element-f047bec elementor-widget elementor-widget-wd_infobox\" data-id=\"f047bec\" data-element_type=\"widget\" data-widget_type=\"wd_infobox.default\">\n\t\t\t\t<div class=\"elementor-widget-container\">\n\t\t\t\t\t\t\t<div class=\"info-box-wrapper\">\n\t\t\t<div class=\"wd-info-box text-center box-icon-align-top box-style-base color-scheme-\">\n\t\t\t\t\t\t\t\t\t<div class=\"box-icon-wrapper  box-with-icon box-icon-simple\">\n\t\t\t\t\t\t<div class=\"info-box-icon\">\n\t\t\t\t\t\t\t\t\t\t\t\t\t\t\t<img fetchpriority=\"high\" decoding=\"async\" width=\"592\" height=\"379\" src=\"https:\/\/odontocondell.cl\/radiologia\/wp-content\/uploads\/sites\/3\/2024\/09\/web_ClinicaCondell-19.png\" class=\"attachment-large size-large\" alt=\"\" srcset=\"https:\/\/odontocondell.cl\/radiologia\/wp-content\/uploads\/sites\/3\/2024\/09\/web_ClinicaCondell-19.png 592w, https:\/\/odontocondell.cl\/radiologia\/wp-content\/uploads\/sites\/3\/2024\/09\/web_ClinicaCondell-19-400x256.png 400w, https:\/\/odontocondell.cl\/radiologia\/wp-content\/uploads\/sites\/3\/2024\/09\/web_ClinicaCondell-19-430x275.png 430w, https:\/\/odontocondell.cl\/radiologia\/wp-content\/uploads\/sites\/3\/2024\/09\/web_ClinicaCondell-19-150x96.png 150w\" sizes=\"(max-width: 592px) 100vw, 592px\" \/>\t\t\t\t\t\t\t\t\t\t\t\t\t<\/div>\n\t\t\t\t\t<\/div>\n\t\t\t\t\n\t\t\t\t<div class=\"info-box-content\">\n\t\t\t\t\t\n\t\t\t\t\t\t\t\t\t\t\t<h4\t\t\t\t\t\tclass=\"info-box-title title box-title-style-default wd-fontsize-m\" data-elementor-setting-key=\"title\">\n\t\t\t\t\t\t\t\tDr. Nicol\u00e1s Pino\t\t\t\t\t\t<\/h4>\n\t\t\t\t\t\n\t\t\t\t\t<div class=\"info-box-inner set-cont-mb-s reset-last-child\"data-elementor-setting-key=\"content\"><p>Cirujano Dentista, especialista en imagenolog\u00eda Oral y Maxilofacial.<\/p>\n<\/div>\n\n\t\t\t\t\t\t\t\t\t<\/div>\n\n\t\t\t\t\t\t\t\t\t<a href=\"#\" class=\"wd-info-box-link wd-fill\" aria-label=\"Infobox link\"><\/a>\n\t\t\t\t\t\t\t<\/div>\n\t\t<\/div>\n\t\t\t\t\t\t<\/div>\n\t\t\t\t<\/div>\n\t\t\t\t<\/div>\n\t\t<div class=\"elementor-element elementor-element-0ccbd94 e-con-full e-flex e-con e-child\" data-id=\"0ccbd94\" data-element_type=\"container\">\n\t\t\t\t<div class=\"elementor-element elementor-element-2f2ed88 elementor-widget elementor-widget-wd_infobox\" data-id=\"2f2ed88\" data-element_type=\"widget\" data-widget_type=\"wd_infobox.default\">\n\t\t\t\t<div class=\"elementor-widget-container\">\n\t\t\t\t\t\t\t<div class=\"info-box-wrapper\">\n\t\t\t<div class=\"wd-info-box text-center box-icon-align-top box-style-base color-scheme-\">\n\t\t\t\t\t\t\t\t\t<div class=\"box-icon-wrapper  box-with-icon box-icon-simple\">\n\t\t\t\t\t\t<div class=\"info-box-icon\">\n\t\t\t\t\t\t\t\t\t\t\t\t\t\t\t<img decoding=\"async\" width=\"592\" height=\"379\" src=\"https:\/\/odontocondell.cl\/radiologia\/wp-content\/uploads\/sites\/3\/2024\/09\/web_ClinicaCondell-19.png\" class=\"attachment-full size-full\" alt=\"\" srcset=\"https:\/\/odontocondell.cl\/radiologia\/wp-content\/uploads\/sites\/3\/2024\/09\/web_ClinicaCondell-19.png 592w, https:\/\/odontocondell.cl\/radiologia\/wp-content\/uploads\/sites\/3\/2024\/09\/web_ClinicaCondell-19-400x256.png 400w, https:\/\/odontocondell.cl\/radiologia\/wp-content\/uploads\/sites\/3\/2024\/09\/web_ClinicaCondell-19-430x275.png 430w, https:\/\/odontocondell.cl\/radiologia\/wp-content\/uploads\/sites\/3\/2024\/09\/web_ClinicaCondell-19-150x96.png 150w\" sizes=\"(max-width: 592px) 100vw, 592px\" \/>\t\t\t\t\t\t\t\t\t\t\t\t\t<\/div>\n\t\t\t\t\t<\/div>\n\t\t\t\t\n\t\t\t\t<div class=\"info-box-content\">\n\t\t\t\t\t\n\t\t\t\t\t\t\t\t\t\t\t<h4\t\t\t\t\t\tclass=\"info-box-title title box-title-style-default wd-fontsize-m\" data-elementor-setting-key=\"title\">\n\t\t\t\t\t\t\t\tSr. Carlos Sol\u00eds\t\t\t\t\t\t<\/h4>\n\t\t\t\t\t\n\t\t\t\t\t<div class=\"info-box-inner set-cont-mb-s reset-last-child\"data-elementor-setting-key=\"content\"><p>T\u00e9cnico Param\u00e9dico nivel superior en odontolog\u00eda e imagenolog\u00eda.\u00a0<\/p>\n<\/div>\n\n\t\t\t\t\t\t\t\t\t<\/div>\n\n\t\t\t\t\t\t\t\t\t<a href=\"#\" class=\"wd-info-box-link wd-fill\" aria-label=\"Infobox link\"><\/a>\n\t\t\t\t\t\t\t<\/div>\n\t\t<\/div>\n\t\t\t\t\t\t<\/div>\n\t\t\t\t<\/div>\n\t\t\t\t<\/div>\n\t\t\t\t\t<\/div>\n\t\t\t\t<\/div>\n\t\t\t\t<\/div>\n\t\t","protected":false},"excerpt":{"rendered":"<p>Dr. Nicol\u00e1s Pino Cirujano Dentista, especialista en imagenolog\u00eda Oral y Maxilofacial. Sr. Carlos Sol\u00eds T\u00e9cnico Param\u00e9dico nivel superior en odontolog\u00eda<\/p>\n","protected":false},"author":1,"featured_media":0,"parent":0,"menu_order":0,"comment_status":"closed","ping_status":"closed","template":"","meta":{"footnotes":""},"class_list":["post-15678","page","type-page","status-publish","hentry"],"_links":{"self":[{"href":"https:\/\/odontocondell.cl\/radiologia\/wp-json\/wp\/v2\/pages\/15678","targetHints":{"allow":["GET"]}}],"collection":[{"href":"https:\/\/odontocondell.cl\/radiologia\/wp-json\/wp\/v2\/pages"}],"about":[{"href":"https:\/\/odontocondell.cl\/radiologia\/wp-json\/wp\/v2\/types\/page"}],"author":[{"embeddable":true,"href":"https:\/\/odontocondell.cl\/radiologia\/wp-json\/wp\/v2\/users\/1"}],"replies":[{"embeddable":true,"href":"https:\/\/odontocondell.cl\/radiologia\/wp-json\/wp\/v2\/comments?post=15678"}],"version-history":[{"count":22,"href":"https:\/\/odontocondell.cl\/radiologia\/wp-json\/wp\/v2\/pages\/15678\/revisions"}],"predecessor-version":[{"id":15768,"href":"https:\/\/odontocondell.cl\/radiologia\/wp-json\/wp\/v2\/pages\/15678\/revisions\/15768"}],"wp:attachment":[{"href":"https:\/\/odontocondell.cl\/radiologia\/wp-json\/wp\/v2\/media?parent=15678"}],"curies":[{"name":"wp","href":"https:\/\/api.w.org\/{rel}","templated":true}]}}