{"id":15589,"date":"2024-08-04T23:52:30","date_gmt":"2024-08-04T21:52:30","guid":{"rendered":"https:\/\/odontocondell.cl\/radiologia\/?page_id=15589"},"modified":"2024-09-24T00:31:19","modified_gmt":"2024-09-23T22:31:19","slug":"servicios","status":"publish","type":"page","link":"https:\/\/odontocondell.cl\/radiologia\/servicios\/","title":{"rendered":"Servicios"},"content":{"rendered":"\t\t<div data-elementor-type=\"wp-page\" data-elementor-id=\"15589\" class=\"elementor elementor-15589\">\n\t\t\t\t<div class=\"elementor-element elementor-element-7ba939c e-con-full wd-section-stretch-content e-flex e-con e-parent\" data-id=\"7ba939c\" data-element_type=\"container\">\n\t\t\t\t<div class=\"elementor-element elementor-element-f357721 elementor-widget elementor-widget-slider_revolution\" data-id=\"f357721\" data-element_type=\"widget\" data-widget_type=\"slider_revolution.default\">\n\t\t\t\t<div class=\"elementor-widget-container\">\n\t\t\t\t\t\n\t\t<div class=\"wp-block-themepunch-revslider\">\n\t\t\t\t<p class=\"rs-p-wp-fix\"><\/p>\n\t\t\t\t<sr7-module data-alias=\"servicio-01\" data-id=\"1\" id=\"SR7_1_1\" class=\"rs-ov-hidden\" data-version=\"6.7.15\">\n\t\t\t\t\t<sr7-adjuster><\/sr7-adjuster>\n\t\t\t\t\t<sr7-content>\n\t\t\t\t\t\t<sr7-slide id=\"SR7_1_1-1\" data-key=\"1\">\n\t\t\t\t\t\t\t<sr7-bg id=\"SR7_1_1-1-4\" class=\"sr7-layer\"><noscript><img decoding=\"async\" src=\"https:\/\/odontocondell.cl\/radiologia\/wp-content\/uploads\/sites\/3\/2024\/09\/web_ClinicaCondell-18.png\" alt=\"\" title=\"web_ClinicaCondell-18\"><\/noscript><\/sr7-bg>\n\t\t\t\t\t\t\t<sr7-txt id=\"SR7_1_1-1-2\" class=\"sr7-layer\">Conoce nuestros servicios en<\/sr7-txt>\n\t\t\t\t\t\t\t<sr7-txt id=\"SR7_1_1-1-3\" class=\"sr7-layer\">Radiolog\u00eda<\/sr7-txt>\n\t\t\t\t\t\t<\/sr7-slide>\n\t\t\t\t\t\t<sr7-slide id=\"SR7_1_1-2\" data-key=\"2\">\n\t\t\t\t\t\t<\/sr7-slide>\n\t\t\t\t\t<\/sr7-content>\n\t\t\t\t\t<image_lists style=\"display:none\">\n\t\t\t\t\t\t<img data-src=\"\/\/odontocondell.cl\/radiologia\/wp-content\/uploads\/sites\/3\/2024\/09\/web_ClinicaCondell-18.png\" data-libid=\"15731\" data-lib=\"medialibrary\" title=\"web_ClinicaCondell-18\" width=\"0\" height=\"0\" data-dbsrc=\"Ly9vZG9udG9jb25kZWxsLmNsL3JhZGlvbG9naWEvd3AtY29udGVudC91cGxvYWRzL3NpdGVzLzMvMjAyNC8wOS93ZWJfQ2xpbmljYUNvbmRlbGwtMTgucG5n\"\/>\n\t\t\t\t\t<\/image_lists>\n\t\t\t\t<\/sr7-module>\n\t\t\t\t<script>\n\t\t\t\t\tSR7.PMH ??={}; SR7.PMH[\"SR7_1_1\"] = {cn:0,state:false,fn: function() { if (_tpt!==undefined && _tpt.prepareModuleHeight !== undefined) {  _tpt.prepareModuleHeight({id:\"SR7_1_1\",el:[450,450,368,360,330],type:'standard',shdw:'0',gh:[450,450,368,360,330],gw:[1240,1240,1024,778,480],vpt:['100px&#039;,&#039;100px&#039;,&#039;100px&#039;,&#039;100px&#039;,&#039;100px'],size:{fullWidth:true, fullHeight:false},mh:'0',onh:0,onw:0,bg:{color:'{\"orig\":\"transparent\",\"type\":\"solid\",\"string\":\"transparent\"}'}});   SR7.PMH[\"SR7_1_1\"].state=true;} else if((SR7.PMH[\"SR7_1_1\"].cn++)<100)\tsetTimeout( SR7.PMH[\"SR7_1_1\"].fn,19);}};SR7.PMH[\"SR7_1_1\" ].fn();\n\t\t\t\t<\/script>\n<\/div>\n\n\t\t\t\t\t\t<\/div>\n\t\t\t\t<\/div>\n\t\t\t\t<\/div>\n\t\t<div class=\"wd-negative-gap elementor-element elementor-element-cde5968 e-flex e-con-boxed e-con e-parent\" data-id=\"cde5968\" data-element_type=\"container\">\n\t\t\t\t\t<div class=\"e-con-inner\">\n\t\t\t\t<div class=\"elementor-element elementor-element-46d07fb wd-width-100 elementor-widget elementor-widget-wd_title\" data-id=\"46d07fb\" data-element_type=\"widget\" data-widget_type=\"wd_title.default\">\n\t\t\t\t<div class=\"elementor-widget-container\">\n\t\t\t\t\t\t\t<div class=\"title-wrapper set-mb-s reset-last-child wd-title-color-default wd-title-style-default wd-title-size-default text-left\">\n\n\t\t\t\n\t\t\t<div class=\"liner-continer\">\n\t\t\t\t<h4 class=\"woodmart-title-container title wd-fontsize-l\">RADIOLOG\u00cdA DENTAL Y MAXILOFACIAL<\/h4> \n\t\t\t\t\t\t\t<\/div>\n\n\t\t\t\t\t<\/div>\n\t\t\t\t\t\t<\/div>\n\t\t\t\t<\/div>\n\t\t\t\t<div class=\"elementor-element elementor-element-8fd4933 elementor-widget elementor-widget-wd_text_block\" data-id=\"8fd4933\" data-element_type=\"widget\" data-widget_type=\"wd_text_block.default\">\n\t\t\t\t<div class=\"elementor-widget-container\">\n\t\t\t\t\t\t\t<div class=\"wd-text-block reset-last-child text-left\">\n\t\t\t\n\t\t\t<p style=\"text-align: justify;\">La Radiolog\u00eda Dental es la especialidad odontol\u00f3gica responsable de producir e interpretar im\u00e1genes utilizadas para el diagn\u00f3stico y manejo de las enfermedades y alteraciones que comprometan la cavidad oral y el territorio maxilofacial.<\/p>\n\t\t\t\t\t<\/div>\n\t\t\t\t\t\t<\/div>\n\t\t\t\t<\/div>\n\t\t\t\t<div class=\"elementor-element elementor-element-0bec570 wd-width-100 elementor-widget elementor-widget-wd_title\" data-id=\"0bec570\" data-element_type=\"widget\" data-widget_type=\"wd_title.default\">\n\t\t\t\t<div class=\"elementor-widget-container\">\n\t\t\t\t\t\t\t<div class=\"title-wrapper set-mb-s reset-last-child wd-title-color-default wd-title-style-default wd-title-size-default text-left\">\n\n\t\t\t\n\t\t\t<div class=\"liner-continer\">\n\t\t\t\t<h4 class=\"woodmart-title-container title wd-fontsize-l\">RADIOGRAF\u00cdAS 2D<\/h4> \n\t\t\t\t\t\t\t<\/div>\n\n\t\t\t\t\t<\/div>\n\t\t\t\t\t\t<\/div>\n\t\t\t\t<\/div>\n\t\t\t\t<div class=\"elementor-element elementor-element-1a1227f elementor-widget elementor-widget-wd_text_block\" data-id=\"1a1227f\" data-element_type=\"widget\" data-widget_type=\"wd_text_block.default\">\n\t\t\t\t<div class=\"elementor-widget-container\">\n\t\t\t\t\t\t\t<div class=\"wd-text-block reset-last-child text-left\">\n\t\t\t\n\t\t\t<p><strong>PERIAPICALES:<\/strong> Su objetivo principal es ver los \u00e1pices dentales, la punta de las ra\u00edces, la corona, el tejido \u00f3seo y alrededor de los dientes. Gracias a esta t\u00e9cnica se puede explorar de manera exhaustiva todo el diente y a su alrededor.<\/p><p><strong>BITE-WING:<\/strong> Consiste en cuatro radiograf\u00edas que se colocan en los molares y premolares. Reflejan la corona del diente, la altura del hueso y entre los dientes.<\/p><p><strong>PANOR\u00c1MICA:<\/strong> Una radiograf\u00eda dental panor\u00e1mica es una imagen radiogr\u00e1fica que muestra una vista panor\u00e1mica de todos los dientes de la mand\u00edbula superior e inferior y de los maxilares.<\/p><p><strong>TELERRADIOGRAF\u00cdA:<\/strong> Tambi\u00e9n llamada radiograf\u00eda lateral o frontal de cr\u00e1neo, es una t\u00e9cnica radiogr\u00e1fica extraoral mediante la cual se obtiene una vista lateral o frontal del cr\u00e1neo y las estructuras \u00f3seas de la cara.<\/p><p><strong>RADIOGRAF\u00cdA DE CARPO:<\/strong> La radiograf\u00eda del carpo es el m\u00e9todo de diagn\u00f3stico m\u00e1s usado y aceptado para determinar el nivel de maduraci\u00f3n \u00f3sea de un individuo.<\/p><p><strong>RX A.T.M:<\/strong> T\u00e9cnica mediante la cual, se obtienen im\u00e1genes de la articulaci\u00f3n temporo-mandibular para su estudio. Indicaciones: traumatismo, dolor al masticar, ruido al masticar, limitaci\u00f3n en la apertura bucal.<\/p><p><strong>RX SENOS PARANASALES:<\/strong> Se solicita cuando usted tiene s\u00edntomas sinusitis u otros trastornos de los senos paranasales, como una desviaci\u00f3n del tabique nasal.<\/p>\n\t\t\t\t\t<\/div>\n\t\t\t\t\t\t<\/div>\n\t\t\t\t<\/div>\n\t\t\t\t<div class=\"elementor-element elementor-element-43606e8 wd-width-100 elementor-widget elementor-widget-wd_title\" data-id=\"43606e8\" data-element_type=\"widget\" data-widget_type=\"wd_title.default\">\n\t\t\t\t<div class=\"elementor-widget-container\">\n\t\t\t\t\t\t\t<div class=\"title-wrapper set-mb-s reset-last-child wd-title-color-default wd-title-style-default wd-title-size-default text-left\">\n\n\t\t\t\n\t\t\t<div class=\"liner-continer\">\n\t\t\t\t<h4 class=\"woodmart-title-container title wd-fontsize-l\">ESCANER 3D<\/h4> \n\t\t\t\t\t\t\t<\/div>\n\n\t\t\t\t\t<\/div>\n\t\t\t\t\t\t<\/div>\n\t\t\t\t<\/div>\n\t\t\t\t<div class=\"elementor-element elementor-element-d05c9a6 elementor-widget elementor-widget-wd_text_block\" data-id=\"d05c9a6\" data-element_type=\"widget\" data-widget_type=\"wd_text_block.default\">\n\t\t\t\t<div class=\"elementor-widget-container\">\n\t\t\t\t\t\t\t<div class=\"wd-text-block reset-last-child text-left\">\n\t\t\t\n\t\t\t<p><strong>ESC\u00c1NER DENTAL:<\/strong> Es un tipo especial de rayos X que mediante una sola exposici\u00f3n produce im\u00e1genes en 3D de los dientes, tejidos blandos, los huesos y nervios. Es esc\u00e1ner o CONE BEAM se solicita a todos los pacientes que necesitan o desean colocarse implantes dentales, planificar tratamientos de ortodoncia, localizar el origen de dolor, planear una cirug\u00eda, detectar y medir lesiones o tumores.<\/p>\n\t\t\t\t\t<\/div>\n\t\t\t\t\t\t<\/div>\n\t\t\t\t<\/div>\n\t\t\t\t<div class=\"elementor-element elementor-element-a270aa1 wd-width-100 elementor-widget elementor-widget-wd_title\" data-id=\"a270aa1\" data-element_type=\"widget\" data-widget_type=\"wd_title.default\">\n\t\t\t\t<div class=\"elementor-widget-container\">\n\t\t\t\t\t\t\t<div class=\"title-wrapper set-mb-s reset-last-child wd-title-color-default wd-title-style-default wd-title-size-default text-left\">\n\n\t\t\t\n\t\t\t<div class=\"liner-continer\">\n\t\t\t\t<h4 class=\"woodmart-title-container title wd-fontsize-l\">INFORMES<\/h4> \n\t\t\t\t\t\t\t<\/div>\n\n\t\t\t\t\t<\/div>\n\t\t\t\t\t\t<\/div>\n\t\t\t\t<\/div>\n\t\t\t\t<div class=\"elementor-element elementor-element-7fbea1e elementor-widget elementor-widget-wd_text_block\" data-id=\"7fbea1e\" data-element_type=\"widget\" data-widget_type=\"wd_text_block.default\">\n\t\t\t\t<div class=\"elementor-widget-container\">\n\t\t\t\t\t\t\t<div class=\"wd-text-block reset-last-child text-left\">\n\t\t\t\n\t\t\t<p>Todos los ex\u00e1menes radiol\u00f3gicos son respaldados con un informe elaborado por un especialista en imagenolog\u00eda dental.<\/p>\n\t\t\t\t\t<\/div>\n\t\t\t\t\t\t<\/div>\n\t\t\t\t<\/div>\n\t\t\t\t<div class=\"elementor-element elementor-element-6510ae8 wd-width-100 elementor-widget elementor-widget-wd_title\" data-id=\"6510ae8\" data-element_type=\"widget\" data-widget_type=\"wd_title.default\">\n\t\t\t\t<div class=\"elementor-widget-container\">\n\t\t\t\t\t\t\t<div class=\"title-wrapper set-mb-s reset-last-child wd-title-color-default wd-title-style-default wd-title-size-default text-left\">\n\n\t\t\t\n\t\t\t<div class=\"liner-continer\">\n\t\t\t\t<h4 class=\"woodmart-title-container title wd-fontsize-l\">VISTA SCAN<\/h4> \n\t\t\t\t\t\t\t<\/div>\n\n\t\t\t\t\t<\/div>\n\t\t\t\t\t\t<\/div>\n\t\t\t\t<\/div>\n\t\t\t\t<div class=\"elementor-element elementor-element-b54bd54 elementor-widget elementor-widget-wd_text_block\" data-id=\"b54bd54\" data-element_type=\"widget\" data-widget_type=\"wd_text_block.default\">\n\t\t\t\t<div class=\"elementor-widget-container\">\n\t\t\t\t\t\t\t<div class=\"wd-text-block reset-last-child text-left\">\n\t\t\t\n\t\t\t<p>Es un esc\u00e1ner de placas radiogr\u00e1ficas para los m\u00e1ximos requerimientos en cuanto a calidad de imagen, confort de manejo y rendimiento.<\/p>\n\t\t\t\t\t<\/div>\n\t\t\t\t\t\t<\/div>\n\t\t\t\t<\/div>\n\t\t\t\t\t<\/div>\n\t\t\t\t<\/div>\n\t\t<div class=\"wd-negative-gap elementor-element elementor-element-7052b43 e-flex e-con-boxed e-con e-parent\" data-id=\"7052b43\" data-element_type=\"container\">\n\t\t\t\t\t<div class=\"e-con-inner\">\n\t\t\t\t\t<\/div>\n\t\t\t\t<\/div>\n\t\t<div class=\"wd-negative-gap elementor-element elementor-element-8d3ccd7 e-flex e-con-boxed e-con e-parent\" data-id=\"8d3ccd7\" data-element_type=\"container\">\n\t\t\t\t\t<div class=\"e-con-inner\">\n\t\t\t\t<div class=\"elementor-element elementor-element-93afa4b elementor-widget elementor-widget-image-carousel\" data-id=\"93afa4b\" data-element_type=\"widget\" data-settings=\"{&quot;navigation&quot;:&quot;none&quot;,&quot;speed&quot;:500}\" data-widget_type=\"image-carousel.default\">\n\t\t\t\t<div class=\"elementor-widget-container\">\n\t\t\t\t\t\t\t<div class=\"elementor-image-carousel-wrapper swiper\" role=\"region\" aria-roledescription=\"carousel\" aria-label=\"Carrusel de im\u00e1genes\" dir=\"ltr\">\n\t\t\t<div class=\"elementor-image-carousel swiper-wrapper\" aria-live=\"polite\">\n\t\t\t\t\t\t\t\t<div class=\"swiper-slide\" role=\"group\" aria-roledescription=\"slide\" aria-label=\"1 de 3\"><figure class=\"swiper-slide-inner\"><img decoding=\"async\" class=\"swiper-slide-image\" src=\"https:\/\/odontocondell.cl\/radiologia\/wp-content\/uploads\/sites\/3\/2024\/09\/web_ClinicaCondell-24.png\" alt=\"web_ClinicaCondell-24\" \/><\/figure><\/div><div class=\"swiper-slide\" role=\"group\" aria-roledescription=\"slide\" aria-label=\"2 de 3\"><figure class=\"swiper-slide-inner\"><img decoding=\"async\" class=\"swiper-slide-image\" src=\"https:\/\/odontocondell.cl\/radiologia\/wp-content\/uploads\/sites\/3\/2024\/09\/web_ClinicaCondell-25.png\" alt=\"web_ClinicaCondell-25\" \/><\/figure><\/div><div class=\"swiper-slide\" role=\"group\" aria-roledescription=\"slide\" aria-label=\"3 de 3\"><figure class=\"swiper-slide-inner\"><img decoding=\"async\" class=\"swiper-slide-image\" src=\"https:\/\/odontocondell.cl\/radiologia\/wp-content\/uploads\/sites\/3\/2024\/09\/web_ClinicaCondell-26.png\" alt=\"web_ClinicaCondell-26\" \/><\/figure><\/div>\t\t\t<\/div>\n\t\t\t\t\t\t\t\n\t\t\t\t\t\t\t\t\t<\/div>\n\t\t\t\t\t\t<\/div>\n\t\t\t\t<\/div>\n\t\t\t\t\t<\/div>\n\t\t\t\t<\/div>\n\t\t\t\t<\/div>\n\t\t","protected":false},"excerpt":{"rendered":"<p>RADIOLOG\u00cdA DENTAL Y MAXILOFACIAL La Radiolog\u00eda Dental es la especialidad odontol\u00f3gica responsable de producir e interpretar im\u00e1genes utilizadas para el<\/p>\n","protected":false},"author":1,"featured_media":0,"parent":0,"menu_order":0,"comment_status":"closed","ping_status":"closed","template":"","meta":{"footnotes":""},"class_list":["post-15589","page","type-page","status-publish","hentry"],"_links":{"self":[{"href":"https:\/\/odontocondell.cl\/radiologia\/wp-json\/wp\/v2\/pages\/15589","targetHints":{"allow":["GET"]}}],"collection":[{"href":"https:\/\/odontocondell.cl\/radiologia\/wp-json\/wp\/v2\/pages"}],"about":[{"href":"https:\/\/odontocondell.cl\/radiologia\/wp-json\/wp\/v2\/types\/page"}],"author":[{"embeddable":true,"href":"https:\/\/odontocondell.cl\/radiologia\/wp-json\/wp\/v2\/users\/1"}],"replies":[{"embeddable":true,"href":"https:\/\/odontocondell.cl\/radiologia\/wp-json\/wp\/v2\/comments?post=15589"}],"version-history":[{"count":16,"href":"https:\/\/odontocondell.cl\/radiologia\/wp-json\/wp\/v2\/pages\/15589\/revisions"}],"predecessor-version":[{"id":15740,"href":"https:\/\/odontocondell.cl\/radiologia\/wp-json\/wp\/v2\/pages\/15589\/revisions\/15740"}],"wp:attachment":[{"href":"https:\/\/odontocondell.cl\/radiologia\/wp-json\/wp\/v2\/media?parent=15589"}],"curies":[{"name":"wp","href":"https:\/\/api.w.org\/{rel}","templated":true}]}}