{"id":15146,"date":"2023-03-21T13:02:38","date_gmt":"2023-03-21T13:02:38","guid":{"rendered":"https:\/\/dummy.xtemos.com\/woodmart2\/elementor\/?page_id=15146"},"modified":"2024-10-10T20:25:25","modified_gmt":"2024-10-10T18:25:25","slug":"home-architecture-studio","status":"publish","type":"page","link":"https:\/\/odontocondell.cl\/radiologia\/","title":{"rendered":"Inicio"},"content":{"rendered":"\t\t<div data-elementor-type=\"wp-page\" data-elementor-id=\"15146\" class=\"elementor elementor-15146\">\n\t\t\t\t<div class=\"elementor-element elementor-element-7db87f4 e-con-full wd-section-stretch-content e-flex e-con e-parent\" data-id=\"7db87f4\" data-element_type=\"container\">\n\t\t\t\t<div class=\"elementor-element elementor-element-1091b51 elementor-absolute elementor-widget elementor-widget-woodmart_menu_anchor\" data-id=\"1091b51\" data-element_type=\"widget\" data-settings=\"{&quot;_position&quot;:&quot;absolute&quot;}\" data-widget_type=\"woodmart_menu_anchor.default\">\n\t\t\t\t<div class=\"elementor-widget-container\">\n\t\t\t\t\t\t\t<div class=\"wd-menu-anchor\" data-id=\"Home\" data-offset=\"150\"><\/div>\n\t\t\t\t\t\t<\/div>\n\t\t\t\t<\/div>\n\t\t\t\t<div class=\"elementor-element elementor-element-c5b3646 elementor-widget elementor-widget-wd_slider\" data-id=\"c5b3646\" data-element_type=\"widget\" data-widget_type=\"wd_slider.default\">\n\t\t\t\t<div class=\"elementor-widget-container\">\n\t\t\t\t\t\t\t\t<link rel=\"stylesheet\" id=\"xts-style-term-74-css\" href=\"https:\/\/odontocondell.cl\/radiologia\/wp-content\/uploads\/sites\/3\/2025\/04\/xts-term-74-1743774764.css?ver=7.5.2\" type=\"text\/css\" media=\"all\">  \t\t\t<style>\t\t\t\t\t\t\t#slide-15623 .wd-slide-container {\n\t\t\t\t\t\t\t\t\t\t--wd-align-items: center;\n\t\t\t\t\t\t\t\t\t\t\t\t\t\t\t--wd-justify-content: left;\n\t\t\t\t\t\t\t\t\t}\n\t\t\t\t\t\t\t\t#slide-15623.woodmart-loaded .wd-slide-bg {\n\t\t\t\t\t\t\t\t}\n\n\t\t\t\t#slide-15623 .wd-slide-bg {\n\t\t\t\tbackground-color:#fefefe;\t\t\t\tbackground-size:cover;\n\t\t\t\t\t\t\t\t\t\tbackground-position:center center;\t\t\t\t\t\t\t\t\t}\n\n\t\t\t\t\t\t\t\t\t#slide-15623 .wd-slide-inner {\n\t\t\t\t\t\tmax-width:1200px;\t\t\t\t\t}\n\t\t\t\t\n\t\t\t\t@media (max-width: 1024px) {\n\t\t\t\t\n\t\t\t\t\n\t\t\t\t\t\t\t\t\t\t#slide-15623 .wd-slide-inner {\n\t\t\t\t\t\t\tmax-width:1200px;\t\t\t\t\t\t}\n\t\t\t\t\t\n\t\t\t\t\t#slide-15623 .wd-slide-bg {\n\t\t\t\t\t\t\t\t\t\t\t\t\t\t\t\t\t\t\n\t\t\t\t\t\t\t\t\t\t\t\t\t\t\t\t\t\t\t\t\t\t\t}\n\t\t\t\t}\n\n\t\t\t\t@media (max-width: 768px) {\n\t\t\t\t\n\t\t\t\t\n\t\t\t\t\t\t\t\t\t\t#slide-15623 .wd-slide-inner {\n\t\t\t\t\t\t\tmax-width:500px;\t\t\t\t\t\t}\n\t\t\t\t\t\n\t\t\t\t\t#slide-15623 .wd-slide-bg {\n\t\t\t\t\t\t\t\t\t\t\t\t\t\t\t\t\t\t\n\t\t\t\t\t\t\t\t\t\t\t\t\t\t\t\t\t\t\t\t\t\t\t}\n\t\t\t\t}\n\n\t\t\t\t\n\t\t\t\t\t\t\t\t<\/style>\n\t\t<div id=\"slider-74\" data-id=\"74\" class=\"wd-slider wd-carousel-container wd-anim-slide wd-section-container\">\n\t\t\t<div class=\"wd-carousel-inner\">\n\t\t\t\t<div class=\"wd-carousel wd-grid\" data-wrap=\"yes\" data-autoheight=\"yes\" data-scroll_per_page=\"yes\" data-sliding_speed=\"700\" data-effect=\"slide\" style=\"--wd-col-lg:1;--wd-col-md:1;--wd-col-sm:1;\">\n\t\t\t\t\t<div class=\"wd-carousel-wrap \">\n\t\t\t\t\t\t\t\t\t\t\t\t\t\t\t\t\t\t\t\t<div id=\"slide-15623\" class=\"wd-slide wd-carousel-item woodmart-loaded\" >\n\t\t\t\t\t\t\t\t\t\t\t\t\t\t\t\t<div class=\"container wd-slide-container content-fixed\">\n\t\t\t\t\t\t\t\t\t<div class=\"wd-slide-inner \">\n\t\t\t\t\t\t\t\t\t\t\t\t\t\t\t\t\t\t\t\t\t<style>.elementor-15623 .elementor-element.elementor-element-03bf8c6{--display:flex;--flex-direction:column;--container-widget-width:100%;--container-widget-height:initial;--container-widget-flex-grow:0;--container-widget-align-self:initial;--flex-wrap-mobile:wrap;}<\/style>\t\t<div data-elementor-type=\"wp-post\" data-elementor-id=\"15623\" class=\"elementor elementor-15623\">\n\t\t\t\t<div class=\"elementor-element elementor-element-03bf8c6 e-con-full wd-section-stretch-content e-flex e-con e-parent\" data-id=\"03bf8c6\" data-element_type=\"container\">\n\t\t\t\t<div class=\"elementor-element elementor-element-ed7c8fb elementor-widget elementor-widget-wd_image_or_svg\" data-id=\"ed7c8fb\" data-element_type=\"widget\" data-widget_type=\"wd_image_or_svg.default\">\n\t\t\t\t<div class=\"elementor-widget-container\">\n\t\t\t\t\t\n\t\t<div class=\"wd-image text-left\">\n\t\t\t\t\t\t\t\t<img fetchpriority=\"high\" decoding=\"async\" width=\"1921\" height=\"462\" src=\"https:\/\/odontocondell.cl\/radiologia\/wp-content\/uploads\/sites\/3\/2024\/08\/web_ClinicaCondell-13.png\" class=\"attachment-full size-full\" alt=\"\" srcset=\"https:\/\/odontocondell.cl\/radiologia\/wp-content\/uploads\/sites\/3\/2024\/08\/web_ClinicaCondell-13.png 1921w, https:\/\/odontocondell.cl\/radiologia\/wp-content\/uploads\/sites\/3\/2024\/08\/web_ClinicaCondell-13-400x96.png 400w, https:\/\/odontocondell.cl\/radiologia\/wp-content\/uploads\/sites\/3\/2024\/08\/web_ClinicaCondell-13-1300x313.png 1300w, https:\/\/odontocondell.cl\/radiologia\/wp-content\/uploads\/sites\/3\/2024\/08\/web_ClinicaCondell-13-768x185.png 768w, https:\/\/odontocondell.cl\/radiologia\/wp-content\/uploads\/sites\/3\/2024\/08\/web_ClinicaCondell-13-1536x369.png 1536w, https:\/\/odontocondell.cl\/radiologia\/wp-content\/uploads\/sites\/3\/2024\/08\/web_ClinicaCondell-13-430x103.png 430w, https:\/\/odontocondell.cl\/radiologia\/wp-content\/uploads\/sites\/3\/2024\/08\/web_ClinicaCondell-13-700x168.png 700w, https:\/\/odontocondell.cl\/radiologia\/wp-content\/uploads\/sites\/3\/2024\/08\/web_ClinicaCondell-13-150x36.png 150w\" sizes=\"(max-width: 1921px) 100vw, 1921px\" \/>\t\t\t\t\t<\/div>\n\n\t\t\t\t\t\t<\/div>\n\t\t\t\t<\/div>\n\t\t\t\t<\/div>\n\t\t\t\t<\/div>\n\t\t\t\t\t\t\t\t\t\t\t\t\t\t\t\t\t\t\t\t\t<\/div>\n\t\t\t\t\t\t\t\t<\/div>\n\n\t\t\t\t\t\t\t\t<div class=\"wd-slide-bg wd-fill\"><\/div>\n\n\t\t\t\t\t\t\t\t\t\t\t\t\t\t\t<\/div>\n\n\t\t\t\t\t\t\t\t\t\t\t\t\t\t\t\t\t\t\t\t\t\t\t\t\t\t\t\t\t\t\t\t\t<\/div>\n\t\t\t\t<\/div>\n\n\t\t\t\t\t\t\t\t\t\t\t\t\t\t<div class=\"wd-nav-arrows wd-slider-arrows wd-custom-style wd-style-1 wd-pos-sep\">\n\t\t\t\t\t\t<div class=\"wd-btn-arrow wd-prev\">\n\t\t\t\t\t\t\t<div class=\"wd-arrow-inner\"><\/div>\n\t\t\t\t\t\t<\/div>\n\t\t\t\t\t\t<div class=\"wd-btn-arrow wd-next\">\n\t\t\t\t\t\t\t<div class=\"wd-arrow-inner\"><\/div>\n\t\t\t\t\t\t<\/div>\n\t\t\t\t\t<\/div>\n\t\t\t\t\t\t\t<\/div>\n\n\t\t\t\t\t\t\t\t\t\t\t<div class=\"wd-nav-pagin-wrap wd-slider-pagin wd-custom-style wd-style-shape-1 text-center\">\n\t\t\t\t\t<ul class=\"wd-nav-pagin\"><\/ul>\n\t\t\t\t<\/div>\n\t\t\t\t\t<\/div>\n\n\n\t\t\t\t\t\t\t\t\t<\/div>\n\t\t\t\t<\/div>\n\t\t\t\t<\/div>\n\t\t<div class=\"wd-negative-gap elementor-element elementor-element-b6c77d2 e-flex e-con-boxed e-con e-parent\" data-id=\"b6c77d2\" data-element_type=\"container\">\n\t\t\t\t\t<div class=\"e-con-inner\">\n\t\t<div class=\"elementor-element elementor-element-85b5533 e-con-full e-flex e-con e-child\" data-id=\"85b5533\" data-element_type=\"container\">\n\t\t\t\t<div class=\"elementor-element elementor-element-d5d1ed4 elementor-widget elementor-widget-wd_infobox\" data-id=\"d5d1ed4\" data-element_type=\"widget\" data-widget_type=\"wd_infobox.default\">\n\t\t\t\t<div class=\"elementor-widget-container\">\n\t\t\t\t\t\t\t<div class=\"info-box-wrapper\">\n\t\t\t<div class=\"wd-info-box text-center box-icon-align-top box-style-base color-scheme-\">\n\t\t\t\t\t\t\t\t\t<div class=\"box-icon-wrapper  box-with-icon box-icon-simple\">\n\t\t\t\t\t\t<div class=\"info-box-icon\">\n\t\t\t\t\t\t\t\t\t\t\t\t\t\t\t<img decoding=\"async\" width=\"150\" height=\"150\" src=\"https:\/\/odontocondell.cl\/radiologia\/wp-content\/uploads\/sites\/3\/2024\/09\/web_ClinicaCondell-14-150x150.png\" class=\"attachment-thumbnail size-thumbnail\" alt=\"\" \/>\t\t\t\t\t\t\t\t\t\t\t\t\t<\/div>\n\t\t\t\t\t<\/div>\n\t\t\t\t\n\t\t\t\t<div class=\"info-box-content\">\n\t\t\t\t\t\n\t\t\t\t\t\t\t\t\t\t\t<h4\t\t\t\t\t\tclass=\"info-box-title title box-title-style-default wd-fontsize-m\" data-elementor-setting-key=\"title\">\n\t\t\t\t\t\t\t\tEquipo principal<br \/>\n panor\u00e1mico\t\t\t\t\t\t<\/h4>\n\t\t\t\t\t\n\t\t\t\t\t<div class=\"info-box-inner set-cont-mb-s reset-last-child\"data-elementor-setting-key=\"content\"><\/div>\n\n\t\t\t\t\t\t\t\t\t<\/div>\n\n\t\t\t\t\t\t\t\t\t<a href=\"#\" class=\"wd-info-box-link wd-fill\" aria-label=\"Infobox link\"><\/a>\n\t\t\t\t\t\t\t<\/div>\n\t\t<\/div>\n\t\t\t\t\t\t<\/div>\n\t\t\t\t<\/div>\n\t\t\t\t<\/div>\n\t\t<div class=\"elementor-element elementor-element-383de21 e-con-full e-flex e-con e-child\" data-id=\"383de21\" data-element_type=\"container\">\n\t\t\t\t<div class=\"elementor-element elementor-element-f780c2e elementor-widget elementor-widget-wd_infobox\" data-id=\"f780c2e\" data-element_type=\"widget\" data-widget_type=\"wd_infobox.default\">\n\t\t\t\t<div class=\"elementor-widget-container\">\n\t\t\t\t\t\t\t<div class=\"info-box-wrapper\">\n\t\t\t<div class=\"wd-info-box text-center box-icon-align-top box-style-base color-scheme-\">\n\t\t\t\t\t\t\t\t\t<div class=\"box-icon-wrapper  box-with-icon box-icon-simple\">\n\t\t\t\t\t\t<div class=\"info-box-icon\">\n\t\t\t\t\t\t\t\t\t\t\t\t\t\t\t<img decoding=\"async\" width=\"150\" height=\"150\" src=\"https:\/\/odontocondell.cl\/radiologia\/wp-content\/uploads\/sites\/3\/2024\/10\/Revelado_Radiologia-150x150.png\" class=\"attachment-thumbnail size-thumbnail\" alt=\"\" srcset=\"https:\/\/odontocondell.cl\/radiologia\/wp-content\/uploads\/sites\/3\/2024\/10\/Revelado_Radiologia-150x150.png 150w, https:\/\/odontocondell.cl\/radiologia\/wp-content\/uploads\/sites\/3\/2024\/10\/Revelado_Radiologia.png 222w\" sizes=\"(max-width: 150px) 100vw, 150px\" \/>\t\t\t\t\t\t\t\t\t\t\t\t\t<\/div>\n\t\t\t\t\t<\/div>\n\t\t\t\t\n\t\t\t\t<div class=\"info-box-content\">\n\t\t\t\t\t\n\t\t\t\t\t\t\t\t\t\t\t<h4\t\t\t\t\t\tclass=\"info-box-title title box-title-style-default wd-fontsize-m\" data-elementor-setting-key=\"title\">\n\t\t\t\t\t\t\t\tEquipo de revelado <br \/>\ndigital\t\t\t\t\t\t<\/h4>\n\t\t\t\t\t\n\t\t\t\t\t<div class=\"info-box-inner set-cont-mb-s reset-last-child\"data-elementor-setting-key=\"content\"><\/div>\n\n\t\t\t\t\t\t\t\t\t<\/div>\n\n\t\t\t\t\t\t\t\t\t<a href=\"#\" class=\"wd-info-box-link wd-fill\" aria-label=\"Infobox link\"><\/a>\n\t\t\t\t\t\t\t<\/div>\n\t\t<\/div>\n\t\t\t\t\t\t<\/div>\n\t\t\t\t<\/div>\n\t\t\t\t<\/div>\n\t\t\t\t\t<\/div>\n\t\t\t\t<\/div>\n\t\t<div class=\"wd-negative-gap elementor-element elementor-element-d4c5c8c e-flex e-con-boxed e-con e-parent\" data-id=\"d4c5c8c\" data-element_type=\"container\">\n\t\t\t\t\t<div class=\"e-con-inner\">\n\t\t<div class=\"elementor-element elementor-element-0f1c783 e-con-full e-flex e-con e-child\" data-id=\"0f1c783\" data-element_type=\"container\">\n\t\t\t\t<div class=\"elementor-element elementor-element-5acbea4 wd-width-100 elementor-widget elementor-widget-wd_title\" data-id=\"5acbea4\" data-element_type=\"widget\" data-widget_type=\"wd_title.default\">\n\t\t\t\t<div class=\"elementor-widget-container\">\n\t\t\t\t\t\t\t<div class=\"title-wrapper set-mb-s reset-last-child wd-title-color-primary wd-title-style-default wd-title-size-default text-left\">\n\n\t\t\t\n\t\t\t<div class=\"liner-continer\">\n\t\t\t\t<h4 class=\"woodmart-title-container title wd-fontsize-l\">Nuestra historia<\/h4> \n\t\t\t\t\t\t\t<\/div>\n\n\t\t\t\t\t<\/div>\n\t\t\t\t\t\t<\/div>\n\t\t\t\t<\/div>\n\t\t\t\t<div class=\"elementor-element elementor-element-31afa5e elementor-widget elementor-widget-wd_text_block\" data-id=\"31afa5e\" data-element_type=\"widget\" data-widget_type=\"wd_text_block.default\">\n\t\t\t\t<div class=\"elementor-widget-container\">\n\t\t\t\t\t\t\t<div class=\"wd-text-block reset-last-child text-left\">\n\t\t\t\n\t\t\t<p style=\"text-align: justify;\">Somos un grupo de Dentistas, quienes debido a la necesidad de entregar diagn\u00f3sticos de calidad a los habitantes de la regi\u00f3n de Ays\u00e9n, nos organizamos para entregar servicios radiol\u00f3gicos. Nuestro proyecto naci\u00f3 a principios del a\u00f1o 2016 y se mantiene hasta el d\u00eda de hoy, con un constante trabajo para mejorar la entrega de nuestros servicios.<\/p>\n<p style=\"text-align: justify;\">La Radiolog\u00eda Oral y Maxilofacial es el principal m\u00e9todo diagn\u00f3stico de apoyo en la toma de decisiones en torno a la Odontolog\u00eda por lo que contamos con equipos de \u00faltima generaci\u00f3n que permiten la toma de diversos ex\u00e1menes a fin de apoyar a nuestros colegas en la Regi\u00f3n.<\/p>\n\t\t\t\t\t<\/div>\n\t\t\t\t\t\t<\/div>\n\t\t\t\t<\/div>\n\t\t\t\t<\/div>\n\t\t<div class=\"elementor-element elementor-element-9eadd0a e-con-full e-flex e-con e-child\" data-id=\"9eadd0a\" data-element_type=\"container\">\n\t\t\t\t<div class=\"elementor-element elementor-element-e180473 elementor-widget elementor-widget-wd_image_or_svg\" data-id=\"e180473\" data-element_type=\"widget\" data-widget_type=\"wd_image_or_svg.default\">\n\t\t\t\t<div class=\"elementor-widget-container\">\n\t\t\t\t\t\n\t\t<div class=\"wd-image text-left\">\n\t\t\t\t\t\t\t\t<img loading=\"lazy\" decoding=\"async\" width=\"677\" height=\"747\" src=\"https:\/\/odontocondell.cl\/radiologia\/wp-content\/uploads\/sites\/3\/2024\/09\/web_ClinicaCondell-16.png\" class=\"attachment-full size-full\" alt=\"\" srcset=\"https:\/\/odontocondell.cl\/radiologia\/wp-content\/uploads\/sites\/3\/2024\/09\/web_ClinicaCondell-16.png 677w, https:\/\/odontocondell.cl\/radiologia\/wp-content\/uploads\/sites\/3\/2024\/09\/web_ClinicaCondell-16-272x300.png 272w, https:\/\/odontocondell.cl\/radiologia\/wp-content\/uploads\/sites\/3\/2024\/09\/web_ClinicaCondell-16-430x474.png 430w, https:\/\/odontocondell.cl\/radiologia\/wp-content\/uploads\/sites\/3\/2024\/09\/web_ClinicaCondell-16-150x166.png 150w\" sizes=\"(max-width: 677px) 100vw, 677px\" \/>\t\t\t\t\t<\/div>\n\n\t\t\t\t\t\t<\/div>\n\t\t\t\t<\/div>\n\t\t\t\t<\/div>\n\t\t\t\t\t<\/div>\n\t\t\t\t<\/div>\n\t\t<div class=\"wd-negative-gap elementor-element elementor-element-30f12ba e-flex e-con-boxed e-con e-parent\" data-id=\"30f12ba\" data-element_type=\"container\">\n\t\t\t\t\t<div class=\"e-con-inner\">\n\t\t\t\t<div class=\"elementor-element elementor-element-443c225 elementor-widget elementor-widget-wd_image_or_svg\" data-id=\"443c225\" data-element_type=\"widget\" data-widget_type=\"wd_image_or_svg.default\">\n\t\t\t\t<div class=\"elementor-widget-container\">\n\t\t\t\t\t\n\t\t<div class=\"wd-image text-left\">\n\t\t\t\t\t\t\t\t<img loading=\"lazy\" decoding=\"async\" width=\"1570\" height=\"532\" src=\"https:\/\/odontocondell.cl\/radiologia\/wp-content\/uploads\/sites\/3\/2024\/09\/web_ClinicaCondell-11.png\" class=\"attachment-full size-full\" alt=\"\" srcset=\"https:\/\/odontocondell.cl\/radiologia\/wp-content\/uploads\/sites\/3\/2024\/09\/web_ClinicaCondell-11.png 1570w, https:\/\/odontocondell.cl\/radiologia\/wp-content\/uploads\/sites\/3\/2024\/09\/web_ClinicaCondell-11-400x136.png 400w, https:\/\/odontocondell.cl\/radiologia\/wp-content\/uploads\/sites\/3\/2024\/09\/web_ClinicaCondell-11-1300x441.png 1300w, https:\/\/odontocondell.cl\/radiologia\/wp-content\/uploads\/sites\/3\/2024\/09\/web_ClinicaCondell-11-768x260.png 768w, https:\/\/odontocondell.cl\/radiologia\/wp-content\/uploads\/sites\/3\/2024\/09\/web_ClinicaCondell-11-1536x520.png 1536w, https:\/\/odontocondell.cl\/radiologia\/wp-content\/uploads\/sites\/3\/2024\/09\/web_ClinicaCondell-11-430x146.png 430w, https:\/\/odontocondell.cl\/radiologia\/wp-content\/uploads\/sites\/3\/2024\/09\/web_ClinicaCondell-11-700x237.png 700w, https:\/\/odontocondell.cl\/radiologia\/wp-content\/uploads\/sites\/3\/2024\/09\/web_ClinicaCondell-11-150x51.png 150w\" sizes=\"(max-width: 1570px) 100vw, 1570px\" \/>\t\t\t\t\t<\/div>\n\n\t\t\t\t\t\t<\/div>\n\t\t\t\t<\/div>\n\t\t\t\t\t<\/div>\n\t\t\t\t<\/div>\n\t\t\t\t<\/div>\n\t\t","protected":false},"excerpt":{"rendered":"<p>Equipo principal panor\u00e1mico Equipo de revelado digital Nuestra historia Somos un grupo de Dentistas, quienes debido a la necesidad de<\/p>\n","protected":false},"author":1,"featured_media":0,"parent":0,"menu_order":0,"comment_status":"closed","ping_status":"closed","template":"","meta":{"footnotes":""},"class_list":["post-15146","page","type-page","status-publish","hentry"],"_links":{"self":[{"href":"https:\/\/odontocondell.cl\/radiologia\/wp-json\/wp\/v2\/pages\/15146","targetHints":{"allow":["GET"]}}],"collection":[{"href":"https:\/\/odontocondell.cl\/radiologia\/wp-json\/wp\/v2\/pages"}],"about":[{"href":"https:\/\/odontocondell.cl\/radiologia\/wp-json\/wp\/v2\/types\/page"}],"author":[{"embeddable":true,"href":"https:\/\/odontocondell.cl\/radiologia\/wp-json\/wp\/v2\/users\/1"}],"replies":[{"embeddable":true,"href":"https:\/\/odontocondell.cl\/radiologia\/wp-json\/wp\/v2\/comments?post=15146"}],"version-history":[{"count":37,"href":"https:\/\/odontocondell.cl\/radiologia\/wp-json\/wp\/v2\/pages\/15146\/revisions"}],"predecessor-version":[{"id":15764,"href":"https:\/\/odontocondell.cl\/radiologia\/wp-json\/wp\/v2\/pages\/15146\/revisions\/15764"}],"wp:attachment":[{"href":"https:\/\/odontocondell.cl\/radiologia\/wp-json\/wp\/v2\/media?parent=15146"}],"curies":[{"name":"wp","href":"https:\/\/api.w.org\/{rel}","templated":true}]}}