{"id":15589,"date":"2024-08-04T23:52:30","date_gmt":"2024-08-04T21:52:30","guid":{"rendered":"https:\/\/odontocondell.cl\/ortodoncia\/?page_id=15589"},"modified":"2025-04-03T02:00:57","modified_gmt":"2025-04-03T00:00:57","slug":"servicios","status":"publish","type":"page","link":"https:\/\/odontocondell.cl\/ortodoncia\/servicios\/","title":{"rendered":"Servicios"},"content":{"rendered":"\t\t<div data-elementor-type=\"wp-page\" data-elementor-id=\"15589\" class=\"elementor elementor-15589\">\n\t\t\t\t<div class=\"elementor-element elementor-element-7ba939c e-con-full wd-section-stretch-content e-flex e-con e-parent\" data-id=\"7ba939c\" data-element_type=\"container\">\n\t\t\t\t<div class=\"elementor-element elementor-element-f357721 elementor-widget elementor-widget-slider_revolution\" data-id=\"f357721\" data-element_type=\"widget\" data-widget_type=\"slider_revolution.default\">\n\t\t\t\t<div class=\"elementor-widget-container\">\n\t\t\t\t\t\n\t\t<div class=\"wp-block-themepunch-revslider\">\n\t\t\t\t<p class=\"rs-p-wp-fix\"><\/p>\n\t\t\t\t<sr7-module data-alias=\"servicio-01\" data-id=\"1\" id=\"SR7_1_1\" class=\"rs-ov-hidden\" data-version=\"6.7.15\">\n\t\t\t\t\t<sr7-adjuster><\/sr7-adjuster>\n\t\t\t\t\t<sr7-content>\n\t\t\t\t\t\t<sr7-slide id=\"SR7_1_1-1\" data-key=\"1\">\n\t\t\t\t\t\t\t<sr7-bg id=\"SR7_1_1-1-4\" class=\"sr7-layer\"><noscript><img decoding=\"async\" src=\"https:\/\/odontocondell.cl\/ortodoncia\/wp-content\/uploads\/sites\/4\/2024\/09\/web_ClinicaCondell-28.png\" alt=\"\" title=\"web_ClinicaCondell-28\"><\/noscript><\/sr7-bg>\n\t\t\t\t\t\t\t<sr7-txt id=\"SR7_1_1-1-2\" class=\"sr7-layer\">Conoce nuestros<\/sr7-txt>\n\t\t\t\t\t\t\t<sr7-txt id=\"SR7_1_1-1-3\" class=\"sr7-layer\">Servicios<\/sr7-txt>\n\t\t\t\t\t\t<\/sr7-slide>\n\t\t\t\t\t\t<sr7-slide id=\"SR7_1_1-2\" data-key=\"2\">\n\t\t\t\t\t\t<\/sr7-slide>\n\t\t\t\t\t<\/sr7-content>\n\t\t\t\t\t<image_lists style=\"display:none\">\n\t\t\t\t\t\t<img data-src=\"\/\/odontocondell.cl\/ortodoncia\/wp-content\/uploads\/sites\/4\/2024\/09\/web_ClinicaCondell-28.png\" data-libid=\"15723\" data-lib=\"medialibrary\" title=\"web_ClinicaCondell-28\" width=\"0\" height=\"0\" data-dbsrc=\"Ly9vZG9udG9jb25kZWxsLmNsL29ydG9kb25jaWEvd3AtY29udGVudC91cGxvYWRzL3NpdGVzLzQvMjAyNC8wOS93ZWJfQ2xpbmljYUNvbmRlbGwtMjgucG5n\"\/>\n\t\t\t\t\t<\/image_lists>\n\t\t\t\t<\/sr7-module>\n\t\t\t\t<script>\n\t\t\t\t\tSR7.PMH ??={}; SR7.PMH[\"SR7_1_1\"] = {cn:0,state:false,fn: function() { if (_tpt!==undefined && _tpt.prepareModuleHeight !== undefined) {  _tpt.prepareModuleHeight({id:\"SR7_1_1\",el:[450,450,368,360,330],type:'standard',shdw:'0',gh:[450,450,368,360,330],gw:[1240,1240,1024,778,480],vpt:['100px&#039;,&#039;100px&#039;,&#039;100px&#039;,&#039;100px&#039;,&#039;100px'],size:{fullWidth:true, fullHeight:false},mh:'0',onh:0,onw:0,bg:{color:'{\"orig\":\"transparent\",\"type\":\"solid\",\"string\":\"transparent\"}'}});   SR7.PMH[\"SR7_1_1\"].state=true;} else if((SR7.PMH[\"SR7_1_1\"].cn++)<100)\tsetTimeout( SR7.PMH[\"SR7_1_1\"].fn,19);}};SR7.PMH[\"SR7_1_1\" ].fn();\n\t\t\t\t<\/script>\n<\/div>\n\n\t\t\t\t\t\t<\/div>\n\t\t\t\t<\/div>\n\t\t\t\t<\/div>\n\t\t<div class=\"wd-negative-gap elementor-element elementor-element-cde5968 e-flex e-con-boxed e-con e-parent\" data-id=\"cde5968\" data-element_type=\"container\">\n\t\t\t\t\t<div class=\"e-con-inner\">\n\t\t\t\t<div class=\"elementor-element elementor-element-46d07fb wd-width-100 elementor-widget elementor-widget-wd_title\" data-id=\"46d07fb\" data-element_type=\"widget\" data-widget_type=\"wd_title.default\">\n\t\t\t\t<div class=\"elementor-widget-container\">\n\t\t\t\t\t\t\t<div class=\"title-wrapper set-mb-s reset-last-child wd-title-color-default wd-title-style-default wd-title-size-default text-left\">\n\n\t\t\t\n\t\t\t<div class=\"liner-continer\">\n\t\t\t\t<h4 class=\"woodmart-title-container title wd-fontsize-l\">ORTODONCIA<\/h4> \n\t\t\t\t\t\t\t<\/div>\n\n\t\t\t\t\t<\/div>\n\t\t\t\t\t\t<\/div>\n\t\t\t\t<\/div>\n\t\t\t\t<div class=\"elementor-element elementor-element-8fd4933 elementor-widget elementor-widget-wd_text_block\" data-id=\"8fd4933\" data-element_type=\"widget\" data-widget_type=\"wd_text_block.default\">\n\t\t\t\t<div class=\"elementor-widget-container\">\n\t\t\t\t\t\t\t<div class=\"wd-text-block reset-last-child text-left\">\n\t\t\t\n\t\t\t<p style=\"text-align: justify;\">Aqu\u00ed encontrar\u00e1s tratamientos de alta calidad y vanguardistas como:<\/p>\n\t\t\t\t\t<\/div>\n\t\t\t\t\t\t<\/div>\n\t\t\t\t<\/div>\n\t\t\t\t<div class=\"elementor-element elementor-element-1a1227f elementor-widget elementor-widget-wd_text_block\" data-id=\"1a1227f\" data-element_type=\"widget\" data-widget_type=\"wd_text_block.default\">\n\t\t\t\t<div class=\"elementor-widget-container\">\n\t\t\t\t\t\t\t<div class=\"wd-text-block reset-last-child text-left\">\n\t\t\t\n\t\t\t<ul><li style=\"text-align: justify;\"><strong>Ortodoncia fija con Brackets met\u00e1licos y cer\u00e1micos<br \/><\/strong>Es la terapia ortod\u00f3ncica m\u00e1s conocida, demandada y de alta efectividad, permite alinear los dientes y corregir la mordida.<\/li><li style=\"text-align: justify;\"><strong>Ortopedia y Ortodoncia interceptiva para ni\u00f1as y ni\u00f1os<br \/><\/strong>Es un tratamiento que se realiza antes de la adolescencia y permite modificar tama\u00f1os y formas de los maxilares para permitir el correcto crecimiento y desarrollo de los dientes.<br \/><br \/><\/li><li style=\"text-align: justify;\"><strong>Invisalign<br \/><\/strong>Es el tratamiento de ortodoncia m\u00e1s vanguardista del mundo, se utiliza un sistema de alineadores transparentes y removibles que se cambian cada dos semanas. Cada alineador se fabrica espec\u00edficamente para cada persona y es completamente invisible.<\/li><\/ul>\n\t\t\t\t\t<\/div>\n\t\t\t\t\t\t<\/div>\n\t\t\t\t<\/div>\n\t\t\t\t<div class=\"elementor-element elementor-element-43606e8 wd-width-100 elementor-widget elementor-widget-wd_title\" data-id=\"43606e8\" data-element_type=\"widget\" data-widget_type=\"wd_title.default\">\n\t\t\t\t<div class=\"elementor-widget-container\">\n\t\t\t\t\t\t\t<div class=\"title-wrapper set-mb-s reset-last-child wd-title-color-default wd-title-style-default wd-title-size-default text-left\">\n\n\t\t\t\n\t\t\t<div class=\"liner-continer\">\n\t\t\t\t<h4 class=\"woodmart-title-container title wd-fontsize-l\">ODONTOLOG\u00cdA INFANTIL<\/h4> \n\t\t\t\t\t\t\t<\/div>\n\n\t\t\t\t\t<\/div>\n\t\t\t\t\t\t<\/div>\n\t\t\t\t<\/div>\n\t\t\t\t<div class=\"elementor-element elementor-element-d05c9a6 elementor-widget elementor-widget-wd_text_block\" data-id=\"d05c9a6\" data-element_type=\"widget\" data-widget_type=\"wd_text_block.default\">\n\t\t\t\t<div class=\"elementor-widget-container\">\n\t\t\t\t\t\t\t<div class=\"wd-text-block reset-last-child text-left\">\n\t\t\t\n\t\t\t<p style=\"text-align: justify;\">La Odontolog\u00eda Infantil es la especialidad que trata el cuidado oral, preventivo y terap\u00e9utico de ni\u00f1os desde la primera infancia y adolescentes.<\/p>\n\t\t\t\t\t<\/div>\n\t\t\t\t\t\t<\/div>\n\t\t\t\t<\/div>\n\t\t\t\t<div class=\"elementor-element elementor-element-f13be69 wd-width-100 elementor-widget elementor-widget-wd_title\" data-id=\"f13be69\" data-element_type=\"widget\" data-widget_type=\"wd_title.default\">\n\t\t\t\t<div class=\"elementor-widget-container\">\n\t\t\t\t\t\t\t<div class=\"title-wrapper set-mb-s reset-last-child wd-title-color-default wd-title-style-default wd-title-size-default text-left\">\n\n\t\t\t\n\t\t\t<div class=\"liner-continer\">\n\t\t\t\t<h4 class=\"woodmart-title-container title wd-fontsize-l\">FONOAUDIOLOG\u00cdA<\/h4> \n\t\t\t\t\t\t\t<\/div>\n\n\t\t\t\t\t<\/div>\n\t\t\t\t\t\t<\/div>\n\t\t\t\t<\/div>\n\t\t\t\t<div class=\"elementor-element elementor-element-fa91e20 elementor-widget elementor-widget-wd_text_block\" data-id=\"fa91e20\" data-element_type=\"widget\" data-widget_type=\"wd_text_block.default\">\n\t\t\t\t<div class=\"elementor-widget-container\">\n\t\t\t\t\t\t\t<div class=\"wd-text-block reset-last-child text-left\">\n\t\t\t\n\t\t\t<p style=\"text-align: justify;\">Enfocados en tratamientos para cirug\u00edas ortogn\u00e1ticas.<\/p>\n\t\t\t\t\t<\/div>\n\t\t\t\t\t\t<\/div>\n\t\t\t\t<\/div>\n\t\t\t\t<div class=\"elementor-element elementor-element-db3d9d5 wd-width-100 elementor-widget elementor-widget-wd_title\" data-id=\"db3d9d5\" data-element_type=\"widget\" data-widget_type=\"wd_title.default\">\n\t\t\t\t<div class=\"elementor-widget-container\">\n\t\t\t\t\t\t\t<div class=\"title-wrapper set-mb-s reset-last-child wd-title-color-default wd-title-style-default wd-title-size-default text-left\">\n\n\t\t\t\n\t\t\t<div class=\"liner-continer\">\n\t\t\t\t<h4 class=\"woodmart-title-container title wd-fontsize-l\">NUTRICI\u00d3N<\/h4> \n\t\t\t\t\t\t\t<\/div>\n\n\t\t\t\t\t<\/div>\n\t\t\t\t\t\t<\/div>\n\t\t\t\t<\/div>\n\t\t\t\t<div class=\"elementor-element elementor-element-9f18e4f elementor-widget elementor-widget-wd_text_block\" data-id=\"9f18e4f\" data-element_type=\"widget\" data-widget_type=\"wd_text_block.default\">\n\t\t\t\t<div class=\"elementor-widget-container\">\n\t\t\t\t\t\t\t<div class=\"wd-text-block reset-last-child text-left\">\n\t\t\t\n\t\t\t<p style=\"text-align: justify;\">Enfocados en tratamientos para cirug\u00edas ortogn\u00e1ticas.<\/p>\n\t\t\t\t\t<\/div>\n\t\t\t\t\t\t<\/div>\n\t\t\t\t<\/div>\n\t\t\t\t<div class=\"elementor-element elementor-element-63c48c8 wd-width-100 elementor-widget elementor-widget-wd_title\" data-id=\"63c48c8\" data-element_type=\"widget\" data-widget_type=\"wd_title.default\">\n\t\t\t\t<div class=\"elementor-widget-container\">\n\t\t\t\t\t\t\t<div class=\"title-wrapper set-mb-s reset-last-child wd-title-color-default wd-title-style-default wd-title-size-default text-left\">\n\n\t\t\t\n\t\t\t<div class=\"liner-continer\">\n\t\t\t\t<h4 class=\"woodmart-title-container title wd-fontsize-l\">PSICOLOG\u00cdA<\/h4> \n\t\t\t\t\t\t\t<\/div>\n\n\t\t\t\t\t<\/div>\n\t\t\t\t\t\t<\/div>\n\t\t\t\t<\/div>\n\t\t\t\t<div class=\"elementor-element elementor-element-1e9526f elementor-widget elementor-widget-wd_text_block\" data-id=\"1e9526f\" data-element_type=\"widget\" data-widget_type=\"wd_text_block.default\">\n\t\t\t\t<div class=\"elementor-widget-container\">\n\t\t\t\t\t\t\t<div class=\"wd-text-block reset-last-child text-left\">\n\t\t\t\n\t\t\t<p style=\"text-align: justify;\">Enfocados en tratamientos para cirug\u00edas ortogn\u00e1ticas.<\/p>\n\t\t\t\t\t<\/div>\n\t\t\t\t\t\t<\/div>\n\t\t\t\t<\/div>\n\t\t\t\t<div class=\"elementor-element elementor-element-a72cbf7 wd-width-100 elementor-widget elementor-widget-wd_title\" data-id=\"a72cbf7\" data-element_type=\"widget\" id=\"cirugiaort\" data-widget_type=\"wd_title.default\">\n\t\t\t\t<div class=\"elementor-widget-container\">\n\t\t\t\t\t\t\t<div class=\"title-wrapper set-mb-s reset-last-child wd-title-color-default wd-title-style-default wd-title-size-default text-left\">\n\n\t\t\t\n\t\t\t<div class=\"liner-continer\">\n\t\t\t\t<h4 class=\"woodmart-title-container title wd-fontsize-l\">CIRUG\u00cdA ORTOGN\u00c1TICA<\/h4> \n\t\t\t\t\t\t\t<\/div>\n\n\t\t\t\t\t<\/div>\n\t\t\t\t\t\t<\/div>\n\t\t\t\t<\/div>\n\t\t\t\t<div class=\"elementor-element elementor-element-6577b02 elementor-widget elementor-widget-wd_text_block\" data-id=\"6577b02\" data-element_type=\"widget\" data-widget_type=\"wd_text_block.default\">\n\t\t\t\t<div class=\"elementor-widget-container\">\n\t\t\t\t\t\t\t<div class=\"wd-text-block reset-last-child text-left\">\n\t\t\t\n\t\t\t<p style=\"text-align: justify;\">La cirug\u00eda Ortogn\u00e1tica se realiza a pacientes con alteraciones maxilo-mandibulares tan graves que\nno pueden ser corregidas solo con tratamiento de ortodoncia.\nLa cirug\u00eda Ortogn\u00e1tica est\u00e1 estrechamente relacionada con la ortodoncia. Por lo tanto, corregir las\ndeformidades dento-craneomaxilofaciales siempre implica trabajo en equipo entre el ortodoncista\ny el cirujano maxilofacial.<\/p>\n\n<ul>\n \t<li style=\"text-align: left;\"><strong>Psicolog\u00eda:<\/strong>\nEs la especialidad que estudia la forma de pensar y de actuar de las personas. Se interesan por\ntodos los aspectos de la conducta y los pensamientos y sentimientos que nos hacen actuar como\nlo hacemos.\nOrtodoncia Condell: El psic\u00f3logo prepara al paciente y a la familia antes, durante y despu\u00e9s de la\ncirug\u00eda ortogn\u00e1tica.<\/li>\n \t<li style=\"text-align: left;\"><strong>Fonoaudi\u00f3loga:<\/strong>\nDisciplina de la salud que estudia la comunicaci\u00f3n humana y la discapacidad comunicativa,\nreconociendo los factores individuales, interpersonales y sociales de los individuos.\nOrtodoncia Condell: Ayuda a entrenar los m\u00fasculos post cirug\u00eda para que se mantenga el efecto\nlogrado.<\/li>\n \t<li style=\"text-align: left;\"><strong>Nutricionista:<\/strong>\nTiene una formaci\u00f3n especial en diet\u00e9tica y nutrici\u00f3n. Las personas que se dedican a esta\nprofesi\u00f3n brindan orientaci\u00f3n sobre nutrici\u00f3n y h\u00e1bitos de alimentaci\u00f3n saludables para ayudar a\nmejorar la salud y el bienestar.\nOrtodoncia Condell: La Nutricionista asesora la nutrici\u00f3n del paciente post cirug\u00eda, el primer\nconcepto necesario a aclarar es que el paciente reci\u00e9n operado debe alimentarse sin bajar el\naporte de nutrientes habituales que consume.<\/li>\n<\/ul>\n\t\t\t\t\t<\/div>\n\t\t\t\t\t\t<\/div>\n\t\t\t\t<\/div>\n\t\t\t\t\t<\/div>\n\t\t\t\t<\/div>\n\t\t<div class=\"wd-negative-gap elementor-element elementor-element-3c16c80 e-flex e-con-boxed e-con e-parent\" data-id=\"3c16c80\" data-element_type=\"container\">\n\t\t\t\t\t<div class=\"e-con-inner\">\n\t\t\t\t<div class=\"elementor-element elementor-element-4fdfa53 elementor-widget elementor-widget-image-carousel\" data-id=\"4fdfa53\" data-element_type=\"widget\" data-settings=\"{&quot;slides_to_show&quot;:&quot;5&quot;,&quot;navigation&quot;:&quot;none&quot;,&quot;speed&quot;:500}\" data-widget_type=\"image-carousel.default\">\n\t\t\t\t<div class=\"elementor-widget-container\">\n\t\t\t\t\t\t\t<div class=\"elementor-image-carousel-wrapper swiper\" role=\"region\" aria-roledescription=\"carousel\" aria-label=\"Carrusel de im\u00e1genes\" dir=\"ltr\">\n\t\t\t<div class=\"elementor-image-carousel swiper-wrapper\" aria-live=\"polite\">\n\t\t\t\t\t\t\t\t<div class=\"swiper-slide\" role=\"group\" aria-roledescription=\"slide\" aria-label=\"1 de 5\"><figure class=\"swiper-slide-inner\"><img decoding=\"async\" class=\"swiper-slide-image\" src=\"https:\/\/odontocondell.cl\/ortodoncia\/wp-content\/uploads\/sites\/4\/2025\/04\/cirugia_fotos-07.png\" alt=\"cirugia_fotos-07\" \/><\/figure><\/div><div class=\"swiper-slide\" role=\"group\" aria-roledescription=\"slide\" aria-label=\"2 de 5\"><figure class=\"swiper-slide-inner\"><img decoding=\"async\" class=\"swiper-slide-image\" src=\"https:\/\/odontocondell.cl\/ortodoncia\/wp-content\/uploads\/sites\/4\/2025\/04\/cirugia_fotos-08.png\" alt=\"cirugia_fotos-08\" \/><\/figure><\/div><div class=\"swiper-slide\" role=\"group\" aria-roledescription=\"slide\" aria-label=\"3 de 5\"><figure class=\"swiper-slide-inner\"><img decoding=\"async\" class=\"swiper-slide-image\" src=\"https:\/\/odontocondell.cl\/ortodoncia\/wp-content\/uploads\/sites\/4\/2025\/04\/cirugia_fotos-09.png\" alt=\"cirugia_fotos-09\" \/><\/figure><\/div><div class=\"swiper-slide\" role=\"group\" aria-roledescription=\"slide\" aria-label=\"4 de 5\"><figure class=\"swiper-slide-inner\"><img decoding=\"async\" class=\"swiper-slide-image\" src=\"https:\/\/odontocondell.cl\/ortodoncia\/wp-content\/uploads\/sites\/4\/2025\/04\/cirugia_fotos-10.png\" alt=\"cirugia_fotos-10\" \/><\/figure><\/div><div class=\"swiper-slide\" role=\"group\" aria-roledescription=\"slide\" aria-label=\"5 de 5\"><figure class=\"swiper-slide-inner\"><img decoding=\"async\" class=\"swiper-slide-image\" src=\"https:\/\/odontocondell.cl\/ortodoncia\/wp-content\/uploads\/sites\/4\/2025\/04\/cirugia_fotos-11.png\" alt=\"cirugia_fotos-11\" \/><\/figure><\/div>\t\t\t<\/div>\n\t\t\t\t\t\t\t\n\t\t\t\t\t\t\t\t\t<\/div>\n\t\t\t\t\t\t<\/div>\n\t\t\t\t<\/div>\n\t\t\t\t\t<\/div>\n\t\t\t\t<\/div>\n\t\t\t\t<\/div>\n\t\t","protected":false},"excerpt":{"rendered":"<p>ORTODONCIA Aqu\u00ed encontrar\u00e1s tratamientos de alta calidad y vanguardistas como: Ortodoncia fija con Brackets met\u00e1licos y cer\u00e1micosEs la terapia ortod\u00f3ncica<\/p>\n","protected":false},"author":1,"featured_media":0,"parent":0,"menu_order":0,"comment_status":"closed","ping_status":"closed","template":"","meta":{"footnotes":""},"class_list":["post-15589","page","type-page","status-publish","hentry"],"_links":{"self":[{"href":"https:\/\/odontocondell.cl\/ortodoncia\/wp-json\/wp\/v2\/pages\/15589","targetHints":{"allow":["GET"]}}],"collection":[{"href":"https:\/\/odontocondell.cl\/ortodoncia\/wp-json\/wp\/v2\/pages"}],"about":[{"href":"https:\/\/odontocondell.cl\/ortodoncia\/wp-json\/wp\/v2\/types\/page"}],"author":[{"embeddable":true,"href":"https:\/\/odontocondell.cl\/ortodoncia\/wp-json\/wp\/v2\/users\/1"}],"replies":[{"embeddable":true,"href":"https:\/\/odontocondell.cl\/ortodoncia\/wp-json\/wp\/v2\/comments?post=15589"}],"version-history":[{"count":25,"href":"https:\/\/odontocondell.cl\/ortodoncia\/wp-json\/wp\/v2\/pages\/15589\/revisions"}],"predecessor-version":[{"id":15839,"href":"https:\/\/odontocondell.cl\/ortodoncia\/wp-json\/wp\/v2\/pages\/15589\/revisions\/15839"}],"wp:attachment":[{"href":"https:\/\/odontocondell.cl\/ortodoncia\/wp-json\/wp\/v2\/media?parent=15589"}],"curies":[{"name":"wp","href":"https:\/\/api.w.org\/{rel}","templated":true}]}}